{"id":7,"date":"2022-12-22T10:11:09","date_gmt":"2022-12-22T10:11:09","guid":{"rendered":"http:\/\/www.thybella.com\/index.php\/tienda\/"},"modified":"2024-09-27T13:34:35","modified_gmt":"2024-09-27T13:34:35","slug":"promociones","status":"publish","type":"page","link":"https:\/\/www.thybella.com\/index.php\/promociones\/","title":{"rendered":"Promociones"},"content":{"rendered":"<p>[et_pb_section fb_built=\u00bb1&#8243; _builder_version=\u00bb4.18.1&#8243; _module_preset=\u00bbdefault\u00bb custom_padding=\u00bb||0px|||\u00bb global_colors_info=\u00bb{}\u00bb][et_pb_row _builder_version=\u00bb4.18.1&#8243; _module_preset=\u00bbdefault\u00bb global_colors_info=\u00bb{}\u00bb][et_pb_column type=\u00bb4_4&#8243; _builder_version=\u00bb4.18.1&#8243; _module_preset=\u00bbdefault\u00bb global_colors_info=\u00bb{}\u00bb][et_pb_divider _builder_version=\u00bb4.18.1&#8243; _module_preset=\u00bbdefault\u00bb global_colors_info=\u00bb{}\u00bb][\/et_pb_divider][et_pb_text _builder_version=\u00bb4.18.1&#8243; _module_preset=\u00bbdefault\u00bb text_font=\u00bbEB Garamond|700|||||||\u00bb text_font_size=\u00bb38px\u00bb text_font_size_tablet=\u00bb26px\u00bb text_font_size_phone=\u00bb22px\u00bb text_font_size_last_edited=\u00bbon|phone\u00bb global_colors_info=\u00bb{}\u00bb]<\/p>\n<p>Productos para el cuidado de tu piel\u00a0<\/p>\n<p>[\/et_pb_text][et_pb_divider _builder_version=\u00bb4.18.1&#8243; _module_preset=\u00bbdefault\u00bb global_colors_info=\u00bb{}\u00bb][\/et_pb_divider][et_pb_shop type=\u00bbproduct_category\u00bb include_categories=\u00bb22&#8243; _builder_version=\u00bb4.18.1&#8243; _module_preset=\u00bbdefault\u00bb global_colors_info=\u00bb{}\u00bb][\/et_pb_shop][\/et_pb_column][\/et_pb_row][\/et_pb_section][et_pb_section fb_built=\u00bb1&#8243; admin_label=\u00bbTestimonials\u00bb _builder_version=\u00bb4.16&#8243; _module_preset=\u00bbdefault\u00bb custom_padding=\u00bb34px|||||\u00bb locked=\u00bboff\u00bb global_colors_info=\u00bb{}\u00bb][et_pb_row column_structure=\u00bb1_2,1_2&#8243; _builder_version=\u00bb4.16&#8243; _module_preset=\u00bbdefault\u00bb global_colors_info=\u00bb{}\u00bb][et_pb_column type=\u00bb1_2&#8243; _builder_version=\u00bb4.16&#8243; _module_preset=\u00bbdefault\u00bb custom_padding=\u00bb50px||||false|false\u00bb custom_padding_tablet=\u00bb0px||||false|false\u00bb custom_padding_phone=\u00bb\u00bb custom_padding_last_edited=\u00bbon|phone\u00bb global_colors_info=\u00bb{}\u00bb][et_pb_divider color=\u00bb#F1BABF\u00bb divider_weight=\u00bb2px\u00bb _builder_version=\u00bb4.16&#8243; _module_preset=\u00bbdefault\u00bb width=\u00bb45%\u00bb locked=\u00bboff\u00bb global_colors_info=\u00bb{}\u00bb][\/et_pb_divider][et_pb_text _builder_version=\u00bb4.18.1&#8243; _module_preset=\u00bbdefault\u00bb header_2_font=\u00bbEB Garamond||||||||\u00bb header_2_font_size=\u00bb48px\u00bb header_2_line_height=\u00bb1.3em\u00bb header_2_font_size_tablet=\u00bb34px\u00bb header_2_font_size_phone=\u00bb22px\u00bb header_2_font_size_last_edited=\u00bbon|phone\u00bb locked=\u00bboff\u00bb global_colors_info=\u00bb{}\u00bb header_2_2_font_size_tablet=\u00bb34px\u00bb header_3_2_font_size_tablet=\u00bb34px\u00bb header_4_2_font_size_tablet=\u00bb34px\u00bb header_5_2_font_size_tablet=\u00bb34px\u00bb header_6_2_font_size_tablet=\u00bb34px\u00bb header_2_2_font_size_phone=\u00bb22px\u00bb header_3_2_font_size_phone=\u00bb22px\u00bb header_4_2_font_size_phone=\u00bb22px\u00bb header_5_2_font_size_phone=\u00bb22px\u00bb header_6_2_font_size_phone=\u00bb22px\u00bb header_2_2_font_size_last_edited=\u00bbon|phone\u00bb header_3_2_font_size_last_edited=\u00bbon|phone\u00bb header_4_2_font_size_last_edited=\u00bbon|phone\u00bb header_5_2_font_size_last_edited=\u00bbon|phone\u00bb header_6_2_font_size_last_edited=\u00bbon|phone\u00bb]<\/p>\n<h2>Clientes Satisfechos<\/h2>\n<p>[\/et_pb_text][et_pb_text _builder_version=\u00bb4.18.1&#8243; _module_preset=\u00bbdefault\u00bb text_font=\u00bbEB Garamond||||||||\u00bb text_font_size=\u00bb19px\u00bb text_font_size_tablet=\u00bb19px\u00bb text_font_size_phone=\u00bb19px\u00bb text_font_size_last_edited=\u00bbon|phone\u00bb global_colors_info=\u00bb{}\u00bb]<\/p>\n<p>Un sello de garant\u00eda para nuestro negocio es comprobar la <strong>satisfaci\u00f3n de nuestros clientes<\/strong> con el servicio que damos adem\u00e1s de una <strong>atenci\u00f3n personalizada<\/strong> que convierten la <strong>experiencia en Thybella<\/strong> como algo <strong>completamente beneficioso<\/strong>.<\/p>\n<p>[\/et_pb_text][\/et_pb_column][et_pb_column type=\u00bb1_2&#8243; _builder_version=\u00bb4.16&#8243; _module_preset=\u00bbdefault\u00bb background_color=\u00bb#f4f7fa\u00bb custom_padding=\u00bb70px|50px|70px|50px|true|true\u00bb custom_padding_tablet=\u00bb40px|30px|40px|30px|true|true\u00bb custom_padding_phone=\u00bb|20px||20px|true|true\u00bb custom_padding_last_edited=\u00bbon|tablet\u00bb global_colors_info=\u00bb{}\u00bb][et_pb_text _builder_version=\u00bb4.18.1&#8243; _module_preset=\u00bbdefault\u00bb text_font=\u00bbABeeZee||||||||\u00bb text_line_height=\u00bb1.8em\u00bb header_4_font=\u00bbEB Garamond||||||||\u00bb header_4_font_size=\u00bb24px\u00bb header_4_line_height=\u00bb1.4em\u00bb header_4_font_size_tablet=\u00bb18px\u00bb header_4_font_size_phone=\u00bb16px\u00bb header_4_font_size_last_edited=\u00bbon|phone\u00bb global_colors_info=\u00bb{}\u00bb header_2_4_font_size_tablet=\u00bb18px\u00bb header_3_4_font_size_tablet=\u00bb18px\u00bb header_4_4_font_size_tablet=\u00bb18px\u00bb header_5_4_font_size_tablet=\u00bb18px\u00bb header_6_4_font_size_tablet=\u00bb18px\u00bb header_2_4_font_size_phone=\u00bb16px\u00bb header_3_4_font_size_phone=\u00bb16px\u00bb header_4_4_font_size_phone=\u00bb16px\u00bb header_5_4_font_size_phone=\u00bb16px\u00bb header_6_4_font_size_phone=\u00bb16px\u00bb header_2_4_font_size_last_edited=\u00bbon|phone\u00bb header_3_4_font_size_last_edited=\u00bbon|phone\u00bb header_4_4_font_size_last_edited=\u00bbon|phone\u00bb header_5_4_font_size_last_edited=\u00bbon|phone\u00bb header_6_4_font_size_last_edited=\u00bbon|phone\u00bb]<\/p>\n<h4>\u00abYo lo recomiendo siempre que puedo. Tengo Thybella al lado de casa y puedo decir con seguridad que estoy encantada con sus servicios. Adem\u00e1s el personal es muy atento y profesional.\u00bb<\/h4>\n<p>[\/et_pb_text][et_pb_blurb title=\u00bbSaleta Out\u00f3n\u00bb image=\u00bbhttps:\/\/www.thybella.com\/wp-content\/uploads\/2022\/12\/product-fashion-07.jpg\u00bb icon_placement=\u00bbleft\u00bb image_icon_width=\u00bb56px\u00bb _builder_version=\u00bb4.18.1&#8243; _module_preset=\u00bbdefault\u00bb header_font=\u00bbEB Garamond||||||||\u00bb header_text_color=\u00bb#01005d\u00bb header_font_size=\u00bb20px\u00bb body_font=\u00bbABeeZee||||||||\u00bb body_text_color=\u00bb#6c7087&#8243; border_radii_image=\u00bbon|60px|60px|60px|60px\u00bb border_width_all_image=\u00bb2px\u00bb border_color_all_image=\u00bb#ffffff\u00bb box_shadow_style_image=\u00bbpreset3&#8243; image_max_width=\u00bb56px\u00bb global_colors_info=\u00bb{}\u00bb]<\/p>\n<p>Clienta Thybella<\/p>\n<p>[\/et_pb_blurb][\/et_pb_column][\/et_pb_row][et_pb_row column_structure=\u00bb1_2,1_2&#8243; _builder_version=\u00bb4.16&#8243; _module_preset=\u00bbdefault\u00bb global_colors_info=\u00bb{}\u00bb][et_pb_column type=\u00bb1_2&#8243; _builder_version=\u00bb4.16&#8243; _module_preset=\u00bbdefault\u00bb background_color=\u00bb#fce7ec\u00bb transform_scale_tablet=\u00bb\u00bb transform_scale_phone=\u00bb\u00bb transform_scale_last_edited=\u00bbon|phone\u00bb transform_translate=\u00bb0px|-75px\u00bb transform_translate_tablet=\u00bb0px|0px\u00bb transform_translate_phone=\u00bb\u00bb transform_translate_last_edited=\u00bbon|tablet\u00bb transform_translate_linked=\u00bboff\u00bb transform_rotate_tablet=\u00bb\u00bb transform_rotate_phone=\u00bb\u00bb transform_rotate_last_edited=\u00bbon|phone\u00bb transform_skew_tablet=\u00bb\u00bb transform_skew_phone=\u00bb\u00bb transform_skew_last_edited=\u00bbon|phone\u00bb transform_origin_tablet=\u00bb\u00bb transform_origin_phone=\u00bb\u00bb transform_origin_last_edited=\u00bbon|phone\u00bb transform_styles_last_edited=\u00bbon|tablet\u00bb custom_padding=\u00bb70px|50px|70px|50px|true|true\u00bb custom_padding_tablet=\u00bb40px|30px|40px|30px|true|true\u00bb custom_padding_phone=\u00bb|20px||20px|true|true\u00bb custom_padding_last_edited=\u00bbon|tablet\u00bb transform_styles_tablet=\u00bb\u00bb transform_styles_phone=\u00bb\u00bb global_colors_info=\u00bb{}\u00bb][et_pb_text _builder_version=\u00bb4.18.1&#8243; _module_preset=\u00bbdefault\u00bb text_font=\u00bbABeeZee||||||||\u00bb text_line_height=\u00bb1.8em\u00bb header_4_font=\u00bbEB Garamond||||||||\u00bb header_4_font_size=\u00bb24px\u00bb header_4_line_height=\u00bb1.4em\u00bb header_4_font_size_tablet=\u00bb18px\u00bb header_4_font_size_phone=\u00bb16px\u00bb header_4_font_size_last_edited=\u00bbon|phone\u00bb locked=\u00bboff\u00bb global_colors_info=\u00bb{}\u00bb header_2_4_font_size_tablet=\u00bb18px\u00bb header_3_4_font_size_tablet=\u00bb18px\u00bb header_4_4_font_size_tablet=\u00bb18px\u00bb header_5_4_font_size_tablet=\u00bb18px\u00bb header_6_4_font_size_tablet=\u00bb18px\u00bb header_2_4_font_size_phone=\u00bb16px\u00bb header_3_4_font_size_phone=\u00bb16px\u00bb header_4_4_font_size_phone=\u00bb16px\u00bb header_5_4_font_size_phone=\u00bb16px\u00bb header_6_4_font_size_phone=\u00bb16px\u00bb header_2_4_font_size_last_edited=\u00bbon|phone\u00bb header_3_4_font_size_last_edited=\u00bbon|phone\u00bb header_4_4_font_size_last_edited=\u00bbon|phone\u00bb header_5_4_font_size_last_edited=\u00bbon|phone\u00bb header_6_4_font_size_last_edited=\u00bbon|phone\u00bb]<\/p>\n<h4>\u00abLos tratamientos relajantes son increibles. Acud\u00ed a Thybella en busca de sesiones relajantes y he encontrado un sitio fant\u00e1stico\u00bb<\/h4>\n<p>[\/et_pb_text][et_pb_blurb title=\u00bbKaren Dom\u00ednguez\u00bb image=\u00bbhttps:\/\/www.thybella.com\/wp-content\/uploads\/2022\/12\/portrait-square-12.jpg\u00bb icon_placement=\u00bbleft\u00bb image_icon_width=\u00bb56px\u00bb _builder_version=\u00bb4.18.1&#8243; _module_preset=\u00bbdefault\u00bb header_font=\u00bbEB Garamond||||||||\u00bb header_text_color=\u00bb#01005d\u00bb header_font_size=\u00bb20px\u00bb body_font=\u00bbABeeZee||||||||\u00bb body_text_color=\u00bb#6c7087&#8243; border_radii_image=\u00bbon|60px|60px|60px|60px\u00bb border_width_all_image=\u00bb2px\u00bb border_color_all_image=\u00bb#ffffff\u00bb box_shadow_style_image=\u00bbpreset3&#8243; image_max_width=\u00bb56px\u00bb locked=\u00bboff\u00bb global_colors_info=\u00bb{}\u00bb]<\/p>\n<p>Clienta Thybella<\/p>\n<p>[\/et_pb_blurb][\/et_pb_column][et_pb_column type=\u00bb1_2&#8243; _builder_version=\u00bb4.16&#8243; _module_preset=\u00bbdefault\u00bb background_color=\u00bb#fff2e2&#8243; custom_padding=\u00bb70px|50px|70px|50px|true|true\u00bb custom_padding_tablet=\u00bb40px|30px|40px|30px|true|true\u00bb custom_padding_phone=\u00bb|20px||20px|true|true\u00bb custom_padding_last_edited=\u00bbon|tablet\u00bb global_colors_info=\u00bb{}\u00bb][et_pb_text _builder_version=\u00bb4.18.1&#8243; _module_preset=\u00bbdefault\u00bb text_font=\u00bbABeeZee||||||||\u00bb text_line_height=\u00bb1.8em\u00bb header_4_font=\u00bbEB Garamond||||||||\u00bb header_4_font_size=\u00bb24px\u00bb header_4_line_height=\u00bb1.4em\u00bb header_4_font_size_tablet=\u00bb18px\u00bb header_4_font_size_phone=\u00bb16px\u00bb header_4_font_size_last_edited=\u00bbon|phone\u00bb locked=\u00bboff\u00bb global_colors_info=\u00bb{}\u00bb header_2_4_font_size_tablet=\u00bb18px\u00bb header_3_4_font_size_tablet=\u00bb18px\u00bb header_4_4_font_size_tablet=\u00bb18px\u00bb header_5_4_font_size_tablet=\u00bb18px\u00bb header_6_4_font_size_tablet=\u00bb18px\u00bb header_2_4_font_size_phone=\u00bb16px\u00bb header_3_4_font_size_phone=\u00bb16px\u00bb header_4_4_font_size_phone=\u00bb16px\u00bb header_5_4_font_size_phone=\u00bb16px\u00bb header_6_4_font_size_phone=\u00bb16px\u00bb header_2_4_font_size_last_edited=\u00bbon|phone\u00bb header_3_4_font_size_last_edited=\u00bbon|phone\u00bb header_4_4_font_size_last_edited=\u00bbon|phone\u00bb header_5_4_font_size_last_edited=\u00bbon|phone\u00bb header_6_4_font_size_last_edited=\u00bbon|phone\u00bb]<\/p>\n<h4>\u00abEl servicio de manicura y pedicura es sensacional, un sitio al que acudir para despu\u00e9s lucir manos y pies\u00bb<\/h4>\n<p>[\/et_pb_text][et_pb_blurb title=\u00bbPaula Mendez\u00bb image=\u00bbhttps:\/\/www.thybella.com\/wp-content\/uploads\/2022\/12\/product-fashion-08.jpg\u00bb icon_placement=\u00bbleft\u00bb image_icon_width=\u00bb56px\u00bb _builder_version=\u00bb4.18.1&#8243; _module_preset=\u00bbdefault\u00bb header_font=\u00bbEB Garamond||||||||\u00bb header_text_color=\u00bb#01005d\u00bb header_font_size=\u00bb20px\u00bb body_font=\u00bbABeeZee||||||||\u00bb body_text_color=\u00bb#6c7087&#8243; border_radii_image=\u00bbon|60px|60px|60px|60px\u00bb border_width_all_image=\u00bb2px\u00bb border_color_all_image=\u00bb#ffffff\u00bb box_shadow_style_image=\u00bbpreset3&#8243; image_max_width=\u00bb56px\u00bb locked=\u00bboff\u00bb global_colors_info=\u00bb{}\u00bb]<\/p>\n<p>Clienta Thybella<\/p>\n<p>[\/et_pb_blurb][\/et_pb_column][\/et_pb_row][\/et_pb_section]<\/p>\n","protected":false},"excerpt":{"rendered":"<p>Productos para el cuidado de tu piel\u00a0Clientes SatisfechosUn sello de garant\u00eda para nuestro negocio es comprobar la satisfaci\u00f3n de nuestros clientes con el servicio que damos adem\u00e1s de una atenci\u00f3n personalizada que convierten la experiencia en Thybella como algo completamente beneficioso.\u00bbYo lo recomiendo siempre que puedo. Tengo Thybella al lado de casa y puedo decir [&hellip;]<\/p>\n","protected":false},"author":1,"featured_media":0,"parent":0,"menu_order":0,"comment_status":"closed","ping_status":"closed","template":"","meta":{"_et_pb_use_builder":"on","_et_pb_old_content":"","_et_gb_content_width":"1080","footnotes":""},"class_list":["post-7","page","type-page","status-publish","hentry"],"yoast_head":"<!-- This site is optimized with the Yoast SEO plugin v21.5 - https:\/\/yoast.com\/wordpress\/plugins\/seo\/ -->\n<title>Promociones - Thy Bella<\/title>\n<meta name=\"robots\" content=\"index, follow, max-snippet:-1, max-image-preview:large, max-video-preview:-1\" \/>\n<link rel=\"canonical\" href=\"https:\/\/www.thybella.com\/index.php\/promociones\/\" \/>\n<meta property=\"og:locale\" content=\"es_ES\" \/>\n<meta property=\"og:type\" content=\"article\" \/>\n<meta property=\"og:title\" content=\"Promociones - Thy Bella\" \/>\n<meta property=\"og:description\" content=\"Productos para el cuidado de tu piel\u00a0Clientes SatisfechosUn sello de garant\u00eda para nuestro negocio es comprobar la satisfaci\u00f3n de nuestros clientes con el servicio que damos adem\u00e1s de una atenci\u00f3n personalizada que convierten la experiencia en Thybella como algo completamente beneficioso.&quot;Yo lo recomiendo siempre que puedo. Tengo Thybella al lado de casa y puedo decir [&hellip;]\" \/>\n<meta property=\"og:url\" content=\"https:\/\/www.thybella.com\/index.php\/promociones\/\" \/>\n<meta property=\"og:site_name\" content=\"Thy Bella\" \/>\n<meta property=\"article:modified_time\" content=\"2024-09-27T13:34:35+00:00\" \/>\n<meta name=\"twitter:card\" content=\"summary_large_image\" \/>\n<script type=\"application\/ld+json\" class=\"yoast-schema-graph\">{\"@context\":\"https:\/\/schema.org\",\"@graph\":[{\"@type\":\"WebPage\",\"@id\":\"https:\/\/www.thybella.com\/index.php\/promociones\/\",\"url\":\"https:\/\/www.thybella.com\/index.php\/promociones\/\",\"name\":\"Promociones - Thy Bella\",\"isPartOf\":{\"@id\":\"https:\/\/www.thybella.com\/#website\"},\"datePublished\":\"2022-12-22T10:11:09+00:00\",\"dateModified\":\"2024-09-27T13:34:35+00:00\",\"breadcrumb\":{\"@id\":\"https:\/\/www.thybella.com\/index.php\/promociones\/#breadcrumb\"},\"inLanguage\":\"es\",\"potentialAction\":[{\"@type\":\"ReadAction\",\"target\":[\"https:\/\/www.thybella.com\/index.php\/promociones\/\"]}]},{\"@type\":\"BreadcrumbList\",\"@id\":\"https:\/\/www.thybella.com\/index.php\/promociones\/#breadcrumb\",\"itemListElement\":[{\"@type\":\"ListItem\",\"position\":1,\"name\":\"Portada\",\"item\":\"https:\/\/www.thybella.com\/\"},{\"@type\":\"ListItem\",\"position\":2,\"name\":\"Promociones\"}]},{\"@type\":\"WebSite\",\"@id\":\"https:\/\/www.thybella.com\/#website\",\"url\":\"https:\/\/www.thybella.com\/\",\"name\":\"Thy Bella\",\"description\":\"Centro de Salud y Est&eacute;tica en Porri&ntilde;o\",\"potentialAction\":[{\"@type\":\"SearchAction\",\"target\":{\"@type\":\"EntryPoint\",\"urlTemplate\":\"https:\/\/www.thybella.com\/?s={search_term_string}\"},\"query-input\":\"required name=search_term_string\"}],\"inLanguage\":\"es\"}]}<\/script>\n<!-- \/ Yoast SEO plugin. -->","yoast_head_json":{"title":"Promociones - Thy Bella","robots":{"index":"index","follow":"follow","max-snippet":"max-snippet:-1","max-image-preview":"max-image-preview:large","max-video-preview":"max-video-preview:-1"},"canonical":"https:\/\/www.thybella.com\/index.php\/promociones\/","og_locale":"es_ES","og_type":"article","og_title":"Promociones - Thy Bella","og_description":"Productos para el cuidado de tu piel\u00a0Clientes SatisfechosUn sello de garant\u00eda para nuestro negocio es comprobar la satisfaci\u00f3n de nuestros clientes con el servicio que damos adem\u00e1s de una atenci\u00f3n personalizada que convierten la experiencia en Thybella como algo completamente beneficioso.\"Yo lo recomiendo siempre que puedo. Tengo Thybella al lado de casa y puedo decir [&hellip;]","og_url":"https:\/\/www.thybella.com\/index.php\/promociones\/","og_site_name":"Thy Bella","article_modified_time":"2024-09-27T13:34:35+00:00","twitter_card":"summary_large_image","schema":{"@context":"https:\/\/schema.org","@graph":[{"@type":"WebPage","@id":"https:\/\/www.thybella.com\/index.php\/promociones\/","url":"https:\/\/www.thybella.com\/index.php\/promociones\/","name":"Promociones - Thy Bella","isPartOf":{"@id":"https:\/\/www.thybella.com\/#website"},"datePublished":"2022-12-22T10:11:09+00:00","dateModified":"2024-09-27T13:34:35+00:00","breadcrumb":{"@id":"https:\/\/www.thybella.com\/index.php\/promociones\/#breadcrumb"},"inLanguage":"es","potentialAction":[{"@type":"ReadAction","target":["https:\/\/www.thybella.com\/index.php\/promociones\/"]}]},{"@type":"BreadcrumbList","@id":"https:\/\/www.thybella.com\/index.php\/promociones\/#breadcrumb","itemListElement":[{"@type":"ListItem","position":1,"name":"Portada","item":"https:\/\/www.thybella.com\/"},{"@type":"ListItem","position":2,"name":"Promociones"}]},{"@type":"WebSite","@id":"https:\/\/www.thybella.com\/#website","url":"https:\/\/www.thybella.com\/","name":"Thy Bella","description":"Centro de Salud y Est&eacute;tica en Porri&ntilde;o","potentialAction":[{"@type":"SearchAction","target":{"@type":"EntryPoint","urlTemplate":"https:\/\/www.thybella.com\/?s={search_term_string}"},"query-input":"required name=search_term_string"}],"inLanguage":"es"}]}},"_links":{"self":[{"href":"https:\/\/www.thybella.com\/index.php\/wp-json\/wp\/v2\/pages\/7","targetHints":{"allow":["GET"]}}],"collection":[{"href":"https:\/\/www.thybella.com\/index.php\/wp-json\/wp\/v2\/pages"}],"about":[{"href":"https:\/\/www.thybella.com\/index.php\/wp-json\/wp\/v2\/types\/page"}],"author":[{"embeddable":true,"href":"https:\/\/www.thybella.com\/index.php\/wp-json\/wp\/v2\/users\/1"}],"replies":[{"embeddable":true,"href":"https:\/\/www.thybella.com\/index.php\/wp-json\/wp\/v2\/comments?post=7"}],"version-history":[{"count":13,"href":"https:\/\/www.thybella.com\/index.php\/wp-json\/wp\/v2\/pages\/7\/revisions"}],"predecessor-version":[{"id":644,"href":"https:\/\/www.thybella.com\/index.php\/wp-json\/wp\/v2\/pages\/7\/revisions\/644"}],"wp:attachment":[{"href":"https:\/\/www.thybella.com\/index.php\/wp-json\/wp\/v2\/media?parent=7"}],"curies":[{"name":"wp","href":"https:\/\/api.w.org\/{rel}","templated":true}]}}